{"id":7,"date":"2016-09-29T03:52:01","date_gmt":"2016-09-29T03:52:01","guid":{"rendered":"http:\/\/bravotheme.com\/demo\/bizone\/wp_demo\/?page_id=7"},"modified":"2025-11-21T12:12:33","modified_gmt":"2025-11-21T15:12:33","slug":"home-1","status":"publish","type":"page","link":"https:\/\/flowers.com.br\/","title":{"rendered":"Home 1"},"content":{"rendered":"<p>[vc_row 0=&#8221;&#8221;][vc_column 0=&#8221;&#8221;][vc_column_text 0=&#8221;&#8221;]\n\t\t\t<!-- START Banner Principal REVOLUTION SLIDER 6.2.2 --><p class=\"rs-p-wp-fix\"><\/p>\n\t\t\t<rs-module-wrap id=\"rev_slider_3_1_wrapper\" data-source=\"gallery\" style=\"background:transparent;padding:0;\">\n\t\t\t\t<rs-module id=\"rev_slider_3_1\" style=\"display:none;\" data-version=\"6.2.2\">\n\t\t\t\t\t<rs-slides>\n\t\t\t\t\t\t<rs-slide data-key=\"rs-4\" data-title=\"Slide\" data-thumb=\"\/\/flowers.com.br\/wp-content\/uploads\/2019\/09\/slide1-100x50.png\" data-anim=\"ei:d;eo:d;s:d;r:0;t:fade;sl:d;\">\n\t\t\t\t\t\t\t<img loading=\"lazy\" decoding=\"async\" src=\"\/\/flowers.com.br\/wp-content\/plugins\/revslider\/public\/assets\/assets\/dummy.png\" title=\"slide1\" width=\"2526\" height=\"1661\" data-lazyload=\"\/\/flowers.com.br\/wp-content\/uploads\/2019\/09\/slide1.png\" data-parallax=\"off\" class=\"rev-slidebg\" data-no-retina>\n<!--\n\t\t\t\t\t\t\t--><rs-layer\n\t\t\t\t\t\t\t\tid=\"slider-3-slide-4-layer-0\" \n\t\t\t\t\t\t\t\tdata-type=\"text\"\n\t\t\t\t\t\t\t\tdata-rsp_ch=\"on\"\n\t\t\t\t\t\t\t\tdata-xy=\"xo:50px;yo:50px;\"\n\t\t\t\t\t\t\t\tdata-text=\"w:normal;\"\n\t\t\t\t\t\t\t\tdata-frame_999=\"o:0;st:w;\"\n\t\t\t\t\t\t\t\tstyle=\"z-index:1;font-family:Roboto;\"\n\t\t\t\t\t\t\t> \n\t\t\t\t\t\t\t<\/rs-layer><!--\n\n\t\t\t\t\t\t\t--><rs-layer\n\t\t\t\t\t\t\t\tid=\"slider-3-slide-4-layer-1\" \n\t\t\t\t\t\t\t\tdata-type=\"text\"\n\t\t\t\t\t\t\t\tdata-rsp_ch=\"on\"\n\t\t\t\t\t\t\t\tdata-xy=\"xo:50px;yo:50px;\"\n\t\t\t\t\t\t\t\tdata-text=\"w:normal;\"\n\t\t\t\t\t\t\t\tdata-frame_999=\"o:0;st:w;\"\n\t\t\t\t\t\t\t\tstyle=\"z-index:2;font-family:Roboto;\"\n\t\t\t\t\t\t\t> \n\t\t\t\t\t\t\t<\/rs-layer><!--\n\n\t\t\t\t\t\t\t--><rs-layer\n\t\t\t\t\t\t\t\tid=\"slider-3-slide-4-layer-2\" \n\t\t\t\t\t\t\t\tdata-type=\"text\"\n\t\t\t\t\t\t\t\tdata-rsp_ch=\"on\"\n\t\t\t\t\t\t\t\tdata-xy=\"xo:50px;yo:50px;\"\n\t\t\t\t\t\t\t\tdata-text=\"w:normal;\"\n\t\t\t\t\t\t\t\tdata-frame_999=\"o:0;st:w;\"\n\t\t\t\t\t\t\t\tstyle=\"z-index:3;font-family:Roboto;\"\n\t\t\t\t\t\t\t> \n\t\t\t\t\t\t\t<\/rs-layer><!--\n\n\t\t\t\t\t\t\t--><rs-layer\n\t\t\t\t\t\t\t\tid=\"slider-3-slide-4-layer-3\" \n\t\t\t\t\t\t\t\tdata-type=\"text\"\n\t\t\t\t\t\t\t\tdata-rsp_ch=\"on\"\n\t\t\t\t\t\t\t\tdata-xy=\"xo:50px;yo:50px;\"\n\t\t\t\t\t\t\t\tdata-text=\"w:normal;\"\n\t\t\t\t\t\t\t\tdata-frame_999=\"o:0;st:w;\"\n\t\t\t\t\t\t\t\tstyle=\"z-index:4;font-family:Roboto;\"\n\t\t\t\t\t\t\t> \n\t\t\t\t\t\t\t<\/rs-layer><!--\n\n\t\t\t\t\t\t\t--><rs-layer\n\t\t\t\t\t\t\t\tid=\"slider-3-slide-4-layer-4\" \n\t\t\t\t\t\t\t\tdata-type=\"text\"\n\t\t\t\t\t\t\t\tdata-rsp_ch=\"on\"\n\t\t\t\t\t\t\t\tdata-xy=\"xo:50px;yo:50px;\"\n\t\t\t\t\t\t\t\tdata-text=\"w:normal;\"\n\t\t\t\t\t\t\t\tdata-frame_999=\"o:0;st:w;\"\n\t\t\t\t\t\t\t\tstyle=\"z-index:5;font-family:Roboto;\"\n\t\t\t\t\t\t\t> \n\t\t\t\t\t\t\t<\/rs-layer><!--\n-->\t\t\t\t\t\t<\/rs-slide>\n\t\t\t\t\t\t<rs-slide data-key=\"rs-5\" data-title=\"Slide\" data-thumb=\"\/\/flowers.com.br\/wp-content\/uploads\/2019\/09\/slide2.v2-100x50.png\" data-anim=\"ei:d;eo:d;s:1000;r:0;t:fade;sl:d;\">\n\t\t\t\t\t\t\t<img loading=\"lazy\" decoding=\"async\" src=\"\/\/flowers.com.br\/wp-content\/plugins\/revslider\/public\/assets\/assets\/dummy.png\" title=\"slide2.v2\" width=\"1920\" height=\"900\" data-lazyload=\"\/\/flowers.com.br\/wp-content\/uploads\/2019\/09\/slide2.v2.png\" data-parallax=\"off\" class=\"rev-slidebg\" data-no-retina>\n<!---->\t\t\t\t\t\t<\/rs-slide>\n\t\t\t\t\t\t<rs-slide data-key=\"rs-6\" data-title=\"Slide\" data-thumb=\"\/\/flowers.com.br\/wp-content\/uploads\/2019\/09\/slide3-2-100x50.png\" data-anim=\"ei:d;eo:d;s:1000;r:0;t:fade;sl:d;\">\n\t\t\t\t\t\t\t<img loading=\"lazy\" decoding=\"async\" src=\"\/\/flowers.com.br\/wp-content\/plugins\/revslider\/public\/assets\/assets\/dummy.png\" title=\"slide3\" width=\"1400\" height=\"893\" data-lazyload=\"\/\/flowers.com.br\/wp-content\/uploads\/2019\/09\/slide3-2.png\" data-parallax=\"off\" class=\"rev-slidebg\" data-no-retina>\n<!---->\t\t\t\t\t\t<\/rs-slide>\n\t\t\t\t\t<\/rs-slides>\n\t\t\t\t\t<rs-progress class=\"rs-bottom\" style=\"visibility: hidden !important;\"><\/rs-progress>\n\t\t\t\t<\/rs-module>\n\t\t\t\t<script type=\"text\/javascript\">\n\t\t\t\t\tsetREVStartSize({c: 'rev_slider_3_1',rl:[1240,1240,1240,480],el:[600,600,600,500],gw:[1240,1240,1240,480],gh:[600,600,600,500],type:'standard',justify:'',layout:'fullscreen',offsetContainer:'#wpadminbar, .masthead',offset:'',mh:\"0\"});\n\t\t\t\t\tvar\trevapi3,\n\t\t\t\t\t\ttpj;\n\t\t\t\t\tjQuery(function() {\n\t\t\t\t\t\ttpj = jQuery;\n\t\t\t\t\t\tif(tpj(\"#rev_slider_3_1\").revolution == undefined){\n\t\t\t\t\t\t\trevslider_showDoubleJqueryError(\"#rev_slider_3_1\");\n\t\t\t\t\t\t}else{\n\t\t\t\t\t\t\trevapi3 = tpj(\"#rev_slider_3_1\").show().revolution({\n\t\t\t\t\t\t\t\tjsFileLocation:\"\/\/flowers.com.br\/wp-content\/plugins\/revslider\/public\/assets\/js\/\",\n\t\t\t\t\t\t\t\tsliderLayout:\"fullscreen\",\n\t\t\t\t\t\t\t\tduration:3000,\n\t\t\t\t\t\t\t\tvisibilityLevels:\"1240,1240,1240,480\",\n\t\t\t\t\t\t\t\tgridwidth:\"1240,1240,1240,480\",\n\t\t\t\t\t\t\t\tgridheight:\"600,600,600,500\",\n\t\t\t\t\t\t\t\tlazyType:\"smart\",\n\t\t\t\t\t\t\t\teditorheight:\"600,600,500,500\",\n\t\t\t\t\t\t\t\tresponsiveLevels:\"1240,1240,1240,480\",\n\t\t\t\t\t\t\t\tfullScreenOffsetContainer:\"#wpadminbar, .masthead\",\n\t\t\t\t\t\t\t\tdisableProgressBar:\"on\",\n\t\t\t\t\t\t\t\tnavigation: {\n\t\t\t\t\t\t\t\t\tmouseScrollNavigation:false,\n\t\t\t\t\t\t\t\t\ttouch: {\n\t\t\t\t\t\t\t\t\t\ttouchenabled:true,\n\t\t\t\t\t\t\t\t\t\tswipe_min_touches:50\n\t\t\t\t\t\t\t\t\t},\n\t\t\t\t\t\t\t\t\tarrows: {\n\t\t\t\t\t\t\t\t\t\tenable:true,\n\t\t\t\t\t\t\t\t\t\tstyle:1000,\n\t\t\t\t\t\t\t\t\t\thide_onmobile:true,\n\t\t\t\t\t\t\t\t\t\thide_under:600,\n\t\t\t\t\t\t\t\t\t\tleft: {\n\t\t\t\t\t\t\t\t\t\t\th_offset:30\n\t\t\t\t\t\t\t\t\t\t},\n\t\t\t\t\t\t\t\t\t\tright: {\n\t\t\t\t\t\t\t\t\t\t\th_offset:30\n\t\t\t\t\t\t\t\t\t\t}\n\t\t\t\t\t\t\t\t\t},\n\t\t\t\t\t\t\t\t\tbullets: {\n\t\t\t\t\t\t\t\t\t\tenable:true,\n\t\t\t\t\t\t\t\t\t\ttmp:\"\",\n\t\t\t\t\t\t\t\t\t\tstyle:3007,\n\t\t\t\t\t\t\t\t\t\thide_onmobile:true,\n\t\t\t\t\t\t\t\t\t\thide_under:600,\n\t\t\t\t\t\t\t\t\t\thide_onleave:true,\n\t\t\t\t\t\t\t\t\t\tv_offset:30\n\t\t\t\t\t\t\t\t\t}\n\t\t\t\t\t\t\t\t},\n\t\t\t\t\t\t\t\tparallax: {\n\t\t\t\t\t\t\t\t\tlevels:[2,3,4,5,6,7,12,16,10,50,47,48,49,50,51,55],\n\t\t\t\t\t\t\t\t\ttype:\"mouse\",\n\t\t\t\t\t\t\t\t\torigo:\"slidercenter\",\n\t\t\t\t\t\t\t\t\tspeed:2000\n\t\t\t\t\t\t\t\t},\n\t\t\t\t\t\t\t\tfallbacks: {\n\t\t\t\t\t\t\t\t\tallowHTML5AutoPlayOnAndroid:true\n\t\t\t\t\t\t\t\t},\n\t\t\t\t\t\t\t});\n\t\t\t\t\t\t}\n\t\t\t\t\t\t\n\t\t\t\t\t});\n\t\t\t\t<\/script>\n\t\t\t<\/rs-module-wrap>\n\t\t\t<!-- END REVOLUTION SLIDER -->\n[\/vc_column_text][\/vc_column][\/vc_row][vc_row full_width=&#8221;stretch_row&#8221; el_class=&#8221;section-padding&#8221; el_id=&#8221;about&#8221;][vc_column 0=&#8221;&#8221;][vc_column_text el_class=&#8221;text-center wow fadeIn&#8221;]<\/p>\n<h2 class=\"heading\">Quem Somos<\/h2>\n<p>[\/vc_column_text][vc_column_text]<\/p>\n<p data-ccp-props=\"{&quot;335551550&quot;:1,&quot;335551620&quot;:1,&quot;335559683&quot;:0,&quot;335559685&quot;:0,&quot;335559731&quot;:0,&quot;335559737&quot;:0,&quot;335562764&quot;:2,&quot;335562765&quot;:1,&quot;335562766&quot;:4,&quot;335562767&quot;:0,&quot;335562768&quot;:4,&quot;335562769&quot;:0}\"><span data-scheme-color=\"@FFC000,7,\" data-usefontface=\"true\" data-contrast=\"none\">Seja qual for o segmento da ind\u00fastria da sua empresa, a FLOWERS CONSULTING \u00e9 a <\/span><span data-scheme-color=\"@FFC000,7,\" data-usefontface=\"true\" data-contrast=\"none\">PARCEIRA IDEAL para garantir o sucesso do seu plano de expans\u00e3o e no gerenciamento <\/span><span data-scheme-color=\"@FFC000,7,\" data-usefontface=\"true\" data-contrast=\"none\">de seus ativos imobili\u00e1rios.\u00a0<\/span><\/p>\n<p data-ccp-props=\"{&quot;335551550&quot;:1,&quot;335551620&quot;:1,&quot;335559683&quot;:0,&quot;335559685&quot;:0,&quot;335559731&quot;:0,&quot;335559737&quot;:0,&quot;335562764&quot;:2,&quot;335562765&quot;:1,&quot;335562766&quot;:4,&quot;335562767&quot;:0,&quot;335562768&quot;:4,&quot;335562769&quot;:0}\">\u200b<\/p>\n<p data-ccp-props=\"{&quot;335551550&quot;:1,&quot;335551620&quot;:1,&quot;335559683&quot;:0,&quot;335559685&quot;:0,&quot;335559731&quot;:0,&quot;335559737&quot;:0,&quot;335562764&quot;:2,&quot;335562765&quot;:1,&quot;335562766&quot;:4,&quot;335562767&quot;:0,&quot;335562768&quot;:4,&quot;335562769&quot;:0}\"><span data-scheme-color=\"@FFC000,7,\" data-usefontface=\"true\" data-contrast=\"none\">Estamos DESDE 2002\u00a0 na estrada, desbravando cada canto desse Brasil, a partir da <\/span><span data-scheme-color=\"@FFC000,7,\" data-usefontface=\"true\" data-contrast=\"none\">presen\u00e7a f\u00edsica em 8 CAPITAIS do pa\u00eds.\u200b\u200bO nosso neg\u00f3cio \u00e9 prover servi\u00e7os de:\u200b\u200b<\/span><\/p>\n<p data-ccp-props=\"{&quot;335551550&quot;:1,&quot;335551620&quot;:1,&quot;335559683&quot;:0,&quot;335559685&quot;:0,&quot;335559731&quot;:0,&quot;335559737&quot;:0,&quot;335562764&quot;:2,&quot;335562765&quot;:1,&quot;335562766&quot;:4,&quot;335562767&quot;:0,&quot;335562768&quot;:4,&quot;335562769&quot;:0}\">\u200b<\/p>\n<p data-ccp-props=\"{&quot;335551550&quot;:1,&quot;335551620&quot;:1,&quot;335559683&quot;:0,&quot;335559685&quot;:0,&quot;335559731&quot;:0,&quot;335559737&quot;:0,&quot;335562764&quot;:2,&quot;335562765&quot;:1,&quot;335562766&quot;:4,&quot;335562767&quot;:0,&quot;335562768&quot;:4,&quot;335562769&quot;:0}\"><span data-scheme-color=\"@FFC000,7,\" data-usefontface=\"true\" data-contrast=\"none\">&#8211; Projetos\u200b\u200b<\/span>\u200b<\/p>\n<p data-ccp-props=\"{&quot;335551550&quot;:1,&quot;335551620&quot;:1,&quot;335559683&quot;:0,&quot;335559685&quot;:0,&quot;335559731&quot;:0,&quot;335559737&quot;:0,&quot;335562764&quot;:2,&quot;335562765&quot;:1,&quot;335562766&quot;:4,&quot;335562767&quot;:0,&quot;335562768&quot;:4,&quot;335562769&quot;:0}\"><span data-scheme-color=\"@FFC000,7,\" data-usefontface=\"true\" data-contrast=\"none\">&#8211; Licenciamento<\/span>\u200b<\/p>\n<p data-ccp-props=\"{&quot;335551550&quot;:1,&quot;335551620&quot;:1,&quot;335559683&quot;:0,&quot;335559685&quot;:0,&quot;335559731&quot;:0,&quot;335559737&quot;:0,&quot;335562764&quot;:2,&quot;335562765&quot;:1,&quot;335562766&quot;:4,&quot;335562767&quot;:0,&quot;335562768&quot;:4,&quot;335562769&quot;:0}\"><span data-scheme-color=\"@FFC000,7,\" data-usefontface=\"true\" data-contrast=\"none\">&#8211; Regulariza\u00e7\u00e3o<\/span>\u200b<\/p>\n<p data-ccp-props=\"{&quot;335551550&quot;:1,&quot;335551620&quot;:1,&quot;335559683&quot;:0,&quot;335559685&quot;:0,&quot;335559731&quot;:0,&quot;335559737&quot;:0,&quot;335562764&quot;:2,&quot;335562765&quot;:1,&quot;335562766&quot;:4,&quot;335562767&quot;:0,&quot;335562768&quot;:4,&quot;335562769&quot;:0}\"><span data-scheme-color=\"@FFC000,7,\" data-usefontface=\"true\" data-contrast=\"none\">\u200b\u200b- Gest\u00e3o da conformidade legal\u200b\u200b<\/span>\u200b<\/p>\n<p data-ccp-props=\"{&quot;335551550&quot;:1,&quot;335551620&quot;:1,&quot;335559683&quot;:0,&quot;335559685&quot;:0,&quot;335559731&quot;:0,&quot;335559737&quot;:0,&quot;335562764&quot;:2,&quot;335562765&quot;:1,&quot;335562766&quot;:4,&quot;335562767&quot;:0,&quot;335562768&quot;:4,&quot;335562769&quot;:0}\"><span data-scheme-color=\"@FFC000,7,\" data-usefontface=\"true\" data-contrast=\"none\">&#8211; Negocia\u00e7\u00e3o e renegocia\u00e7\u00e3o de contratos de loca\u00e7\u00e3o<\/span>\u200b<\/p>\n<p data-ccp-props=\"{&quot;335551550&quot;:1,&quot;335551620&quot;:1,&quot;335559683&quot;:0,&quot;335559685&quot;:0,&quot;335559731&quot;:0,&quot;335559737&quot;:0,&quot;335562764&quot;:2,&quot;335562765&quot;:1,&quot;335562766&quot;:4,&quot;335562767&quot;:0,&quot;335562768&quot;:4,&quot;335562769&quot;:0}\"><span data-scheme-color=\"@FFC000,7,\" data-usefontface=\"true\" data-contrast=\"none\">\u200b\u200b- Site\u00a0<\/span><span data-scheme-color=\"@FFC000,7,\" data-usefontface=\"true\" data-contrast=\"none\">acquisition<\/span><\/p>\n<p data-ccp-props=\"{&quot;335551550&quot;:1,&quot;335551620&quot;:1,&quot;335559683&quot;:0,&quot;335559685&quot;:0,&quot;335559731&quot;:0,&quot;335559737&quot;:0,&quot;335562764&quot;:2,&quot;335562765&quot;:1,&quot;335562766&quot;:4,&quot;335562767&quot;:0,&quot;335562768&quot;:4,&quot;335562769&quot;:0}\"><span data-scheme-color=\"@FFC000,7,\" data-usefontface=\"true\" data-contrast=\"none\">\u200b\u200b\u200b\u200b<\/span>\u200b<\/p>\n<p data-ccp-props=\"{&quot;335551550&quot;:1,&quot;335551620&quot;:1,&quot;335559683&quot;:0,&quot;335559685&quot;:0,&quot;335559731&quot;:0,&quot;335559737&quot;:0,&quot;335562764&quot;:2,&quot;335562765&quot;:1,&quot;335562766&quot;:4,&quot;335562767&quot;:0,&quot;335562768&quot;:4,&quot;335562769&quot;:0}\"><span data-scheme-color=\"@FFC000,7,\" data-usefontface=\"true\" data-contrast=\"none\">Nosso time conta com mais de 100 ESPECIALISTAS para auxiliar no cumprimento dos <\/span><span data-scheme-color=\"@FFC000,7,\" data-usefontface=\"true\" data-contrast=\"none\">seus objetivos com boa t\u00e9cnica, transpar\u00eancia, \u00e9tica e muita criatividade.\u200b\u200b\u200b<\/span><\/p>\n<p data-ccp-props=\"{&quot;335551550&quot;:1,&quot;335551620&quot;:1,&quot;335559683&quot;:0,&quot;335559685&quot;:0,&quot;335559731&quot;:0,&quot;335559737&quot;:0,&quot;335562764&quot;:2,&quot;335562765&quot;:1,&quot;335562766&quot;:4,&quot;335562767&quot;:0,&quot;335562768&quot;:4,&quot;335562769&quot;:0}\">\u200b<\/p>\n<p data-ccp-props=\"{&quot;335551550&quot;:1,&quot;335551620&quot;:1,&quot;335559683&quot;:0,&quot;335559685&quot;:0,&quot;335559731&quot;:0,&quot;335559737&quot;:0,&quot;335562764&quot;:2,&quot;335562765&quot;:1,&quot;335562766&quot;:4,&quot;335562767&quot;:0,&quot;335562768&quot;:4,&quot;335562769&quot;:0}\"><span data-scheme-color=\"@FFC000,7,\" data-usefontface=\"true\" data-contrast=\"none\">Nosso SISTEMA DE GEST\u00c3O fornece informa\u00e7\u00e3o atualizada para acompanhar o <\/span><span data-scheme-color=\"@FFC000,7,\" data-usefontface=\"true\" data-contrast=\"none\">vencimento de todas as licen\u00e7as de suas filiais e acompanhar os processos de licenciamento\u00a0<\/span><span data-scheme-color=\"@FFC000,7,\" data-usefontface=\"true\" data-contrast=\"none\">e renova\u00e7\u00e3o.\u200b\u200b\u200b\u200bTudo para maximizar a GEST\u00c3O DOS SEUS ATIVOS IMOBILI\u00c1RIOS e, assim, <\/span><span data-scheme-color=\"@FFC000,7,\" data-usefontface=\"true\" data-contrast=\"none\">REDUZIR RISCOS ao seu neg\u00f3cio, seja qual for o tamanho ou o segmento da ind\u00fastria da <\/span><span data-scheme-color=\"@FFC000,7,\" data-usefontface=\"true\" data-contrast=\"none\">sua empresa.\u200b\u200b<\/span>\u200b<\/p>\n<p data-ccp-props=\"{&quot;335551550&quot;:1,&quot;335551620&quot;:1,&quot;335559683&quot;:0,&quot;335559685&quot;:0,&quot;335559731&quot;:0,&quot;335559737&quot;:0,&quot;335562764&quot;:2,&quot;335562765&quot;:1,&quot;335562766&quot;:4,&quot;335562767&quot;:0,&quot;335562768&quot;:4,&quot;335562769&quot;:0}\">\u200b<\/p>\n<p data-ccp-props=\"{&quot;335551550&quot;:1,&quot;335551620&quot;:1,&quot;335559683&quot;:0,&quot;335559685&quot;:0,&quot;335559731&quot;:0,&quot;335559737&quot;:0,&quot;335562764&quot;:2,&quot;335562765&quot;:1,&quot;335562766&quot;:4,&quot;335562767&quot;:0,&quot;335562768&quot;:4,&quot;335562769&quot;:0}\">FLOWERS. Uma empresa s\u00f3lida, onde seu neg\u00f3cio precisar.<\/p>\n<p>[\/vc_column_text][\/vc_column][\/vc_row][vc_row full_width=&#8221;stretch_row_content_no_spaces&#8221; parallax=&#8221;content-moving&#8221; parallax_image=&#8221;21&#8243; parallax_speed_bg=&#8221;5&#8243; row_fullwidth=&#8221;yes&#8221; css=&#8221;.vc_custom_1475313004431{margin-top: 90px !important;padding-right: 0px !important;padding-left: 0px !important;background-position: center;background-repeat: no-repeat;background-size:cover;}&#8221;][vc_column 0=&#8221;&#8221;][\/vc_column][\/vc_row][vc_row gap=&#8221;1&#8243; row_fullwidth=&#8221;yes&#8221; el_class=&#8221;top-padding&#8221; el_id=&#8221;servicos&#8221;][vc_column row_effect=&#8221;fadeInLeft&#8221;][vc_single_image image=&#8221;27&#8243; img_size=&#8221;full&#8221;][vc_column_text 0=&#8221;&#8221;]<\/p>\n<div class=\"text-center\">\n<h2 class=\"heading\">Nossos Servi\u00e7os<\/h2>\n<\/div>\n<p>[\/vc_column_text][vc_basic_grid post_type=&#8221;ids&#8221; element_width=&#8221;3&#8243; grid_id=&#8221;vc_gid:1763737883655-15305b60-34ba-7&#8243; include=&#8221;274, 1594, 1598, 1601, 1604, 1607, 1610, 1613&#8243;][\/vc_column][\/vc_row][vc_row el_id=&#8221;clientes&#8221; el_class=&#8221;top-padding&#8221; css=&#8221;.vc_custom_1567402875337{margin-bottom: 90px !important;}&#8221;][vc_column el_id=&#8221;clientes&#8221;][vc_column_text 0=&#8221;&#8221;]<\/p>\n<div class=\"text-center\">\n<h2 class=\"heading\">Nossos Clientes<\/h2>\n<\/div>\n<p>[\/vc_column_text][vc_single_image image=&#8221;267&#8243; img_size=&#8221;full&#8221; alignment=&#8221;center&#8221;][\/vc_column][\/vc_row][vc_row full_width=&#8221;stretch_row_content_no_spaces&#8221; parallax=&#8221;content-moving&#8221; parallax_image=&#8221;97&#8243; parallax_speed_bg=&#8221;5&#8243; row_fullwidth=&#8221;yes&#8221;][vc_column 0=&#8221;&#8221;][vc_column_text 0=&#8221;&#8221;]<\/p>\n<div class=\"text-center\">\n<h2 class=\"heading\" style=\"text-align: center;\">Onde Estamos<\/h2>\n<\/div>\n<p style=\"text-align: center;\"><strong>Matriz<\/strong><\/p>\n<p style=\"text-align: center;\">Av. Pastor Martin Luther King Jr, 126\u00a0Bloco 09 \u2013 Sala 114 \u2013 Torre\u00a02<\/p>\n<p style=\"text-align: center;\">Shopping Nova\u00a0Am\u00e9rica \u2013 Offices 2000<\/p>\n<p style=\"text-align: center;\">Del Castilho \u2013 Rio de Janeiro &#8211; RJ CEP: 20.765-000<\/p>\n<p>[\/vc_column_text][vc_gmaps link=&#8221;#E-8_JTNDaWZyYW1lJTIwc3JjJTNEJTIyaHR0cHMlM0ElMkYlMkZ3d3cuZ29vZ2xlLmNvbSUyRm1hcHMlMkZlbWJlZCUzRnBiJTNEJTIxMW0xNCUyMTFtOCUyMTFtMyUyMTFkMTQ3MDMuODE0MDUxNjgyMzY4JTIxMmQtNDMuMjcyMDYxOCUyMTNkLTIyLjg3ODE3NTYlMjEzbTIlMjExaTEwMjQlMjEyaTc2OCUyMTRmMTMuMSUyMTNtMyUyMTFtMiUyMTFzMHgwJTI1M0EweGYzMWM5MWNkMDMwMmJiMDclMjEyc1Nob3BwaW5nJTI1MjBOb3ZhJTI1MjBBbSUyNUMzJTI1QTlyaWNhJTIxNWUwJTIxM20yJTIxMXNwdC1CUiUyMTJzYnIlMjE0djE1Njc2MTQ0NDgwNzMlMjE1bTIlMjExc3B0LUJSJTIxMnNiciUyMiUyMGhlaWdodCUzRCUyMjQ1MCUyMiUyMGZyYW1lYm9yZGVyJTNEJTIyMCUyMiUyMHN0eWxlJTNEJTIyYm9yZGVyJTNBMCUzQiUyMiUyMGFsbG93ZnVsbHNjcmVlbiUzRCUyMiUyMiUzRSUzQyUyRmlmcmFtZSUzRQ==&#8221;][vc_row_inner 0=&#8221;&#8221;][vc_column_inner 0=&#8221;&#8221;][\/vc_column_inner][\/vc_row_inner][\/vc_column][\/vc_row][vc_row full_width=&#8221;stretch_row_content_no_spaces&#8221; el_id=&#8221;contact&#8221; el_class=&#8221;info-section&#8221;][vc_column width=&#8221;1\/2&#8243; row_effect=&#8221;bounceInLeft&#8221;][vc_column_text 0=&#8221;&#8221;]<\/p>\n<div class=\"block text-center \" style=\"visibility: visible; animation-duration: 500ms; animation-delay: 300ms; animation-name: fadeInLeftBig;\" data-wow-duration=\"500ms\" data-wow-delay=\"300ms\">\n<div class=\"center\">\n<h2 style=\"text-align: left;\">Contatos<\/h2>\n<p style=\"text-align: left;\"><strong>Comercial:<\/strong><\/p>\n<p style=\"text-align: left;\"><a>comercial@flowers.com.br<\/a><\/p>\n<p>&nbsp;<\/p>\n<p style=\"text-align: left;\"><strong>RH:<\/strong><\/p>\n<p style=\"text-align: left;\"><a>rh@flowers.com.br<\/a><\/p>\n<p>&nbsp;<\/p>\n<p style=\"text-align: left;\"><strong>Contas a Pagar:<\/strong><\/p>\n<p style=\"text-align: left;\"><a>pagamentos@flowers.com.br<\/a><\/p>\n<p>&nbsp;<\/p>\n<p style=\"text-align: left;\"><strong>Financeiro:<\/strong><\/p>\n<p style=\"text-align: left;\"><a href=\"mailto:financeiro@flowers.com.br\">financeiro@flowers.com.br<\/a><\/p>\n<p>&nbsp;<\/p>\n<p style=\"text-align: left;\"><strong>Demais assuntos:<\/strong><\/p>\n<p style=\"text-align: left;\"><a href=\"mailto:atendimento@flowers.com.br\">atendimento@flowers.com.br<\/a><\/p>\n<p style=\"text-align: left;\">(21) 3626-0600<\/p>\n<p>&nbsp;<\/p>\n<p style=\"text-align: left;\"><strong>ATENDIMENTO AO LOCADOR<\/strong><\/p>\n<p>&nbsp;<\/p>\n<p style=\"text-align: left;\"><strong>Oi: <\/strong>(21) 4020-0010<\/p>\n<p>&nbsp;<\/p>\n<p style=\"text-align: left;\"><strong>Vivo: <\/strong>Pelo 0800-771-1107, pelo e-mail <a href=\"mailto:atendimento.locador.br@telefonica.com\">atendimento.locador.br@telefonica.com<\/a>, ou pelo <a href=\"https:\/\/portaldolocador.tlfbpo.com.br\/login\">Porta do Locador<\/a>.<\/p>\n<p>&nbsp;<\/p>\n<p style=\"text-align: left;\"><strong>Tim: <\/strong>Somente por correspond\u00eancia no endere\u00e7o:<br \/>\nRua Fonseca Teles, 18\/30 &#8211; S\u00e3o Crist\u00f3v\u00e3o\/RJ &#8211; CEP: 20.940-200<\/p>\n<p>&nbsp;<\/p>\n<p style=\"text-align: left;\"><strong>Claro:<\/strong><\/p>\n<table width=\"522\">\n<tbody>\n<tr>\n<td width=\"381\"><strong>Para os estados abaixo<\/strong><\/td>\n<td width=\"130\"><strong>Ligar para<\/strong><\/td>\n<\/tr>\n<tr>\n<td width=\"381\">AP, PA, AM, RR, MA, AC, DF, GO, MT, MS, RO, TO, RS, PR, SC<\/td>\n<td width=\"130\">11 99415-6252<\/td>\n<\/tr>\n<tr>\n<td width=\"381\">SP, RN, PE, PB, CE, AL, PI<\/td>\n<td width=\"130\">11 99415-7507<\/td>\n<\/tr>\n<tr>\n<td width=\"381\">RJ, ES, MG, BA, SE<\/td>\n<td width=\"130\">11 99415-6730<\/td>\n<\/tr>\n<\/tbody>\n<\/table>\n<\/div>\n<\/div>\n<p>[\/vc_column_text][\/vc_column][vc_column width=&#8221;1\/2&#8243; row_effect=&#8221;bounceInRight&#8221; el_class=&#8221;block light text-center&#8221;]\n<div class=\"wpcf7 no-js\" id=\"wpcf7-f827-o1\" lang=\"pt-BR\" dir=\"ltr\">\n<div class=\"screen-reader-response\"><p role=\"status\" aria-live=\"polite\" aria-atomic=\"true\"><\/p> <ul><\/ul><\/div>\n<form action=\"\/index.php\/wp-json\/wp\/v2\/pages\/7#wpcf7-f827-o1\" method=\"post\" class=\"wpcf7-form init\" aria-label=\"Formul\u00e1rios de contato\" novalidate=\"novalidate\" data-status=\"init\">\n<div style=\"display: none;\">\n<input type=\"hidden\" name=\"_wpcf7\" value=\"827\" \/>\n<input type=\"hidden\" name=\"_wpcf7_version\" value=\"5.9.8\" \/>\n<input type=\"hidden\" name=\"_wpcf7_locale\" value=\"pt_BR\" \/>\n<input type=\"hidden\" name=\"_wpcf7_unit_tag\" value=\"wpcf7-f827-o1\" \/>\n<input type=\"hidden\" name=\"_wpcf7_container_post\" value=\"0\" \/>\n<input type=\"hidden\" name=\"_wpcf7_posted_data_hash\" value=\"\" \/>\n<\/div>\n<p><label> Seu nome<br \/>\n<span class=\"wpcf7-form-control-wrap\" data-name=\"your-name\"><input size=\"40\" maxlength=\"400\" class=\"wpcf7-form-control wpcf7-text wpcf7-validates-as-required\" autocomplete=\"name\" aria-required=\"true\" aria-invalid=\"false\" value=\"\" type=\"text\" name=\"your-name\" \/><\/span> <\/label>\n<\/p>\n<p><label> Seu e-mail<br \/>\n<span class=\"wpcf7-form-control-wrap\" data-name=\"your-email\"><input size=\"40\" maxlength=\"400\" class=\"wpcf7-form-control wpcf7-email wpcf7-validates-as-required wpcf7-text wpcf7-validates-as-email\" autocomplete=\"email\" aria-required=\"true\" aria-invalid=\"false\" value=\"\" type=\"email\" name=\"your-email\" \/><\/span> <\/label>\n<\/p>\n<p><label> Assunto<br \/>\n<span class=\"wpcf7-form-control-wrap\" data-name=\"your-subject\"><input size=\"40\" maxlength=\"400\" class=\"wpcf7-form-control wpcf7-text wpcf7-validates-as-required\" aria-required=\"true\" aria-invalid=\"false\" value=\"\" type=\"text\" name=\"your-subject\" \/><\/span> <\/label>\n<\/p>\n<p><label> Sua mensagem (opcional)<br \/>\n<span class=\"wpcf7-form-control-wrap\" data-name=\"your-message\"><textarea cols=\"40\" rows=\"10\" maxlength=\"2000\" class=\"wpcf7-form-control wpcf7-textarea\" aria-invalid=\"false\" name=\"your-message\"><\/textarea><\/span> <\/label>\n<\/p>\n<p><input class=\"wpcf7-form-control wpcf7-submit has-spinner\" type=\"submit\" value=\"Enviar\" \/>\n<\/p><div class=\"wpcf7-response-output\" aria-hidden=\"true\"><\/div>\n<\/form>\n<\/div>\n[\/vc_column][\/vc_row][vc_row full_width=&#8221;stretch_row_content_no_spaces&#8221;][vc_column 0=&#8221;&#8221;][\/vc_column][\/vc_row]<\/p>\n","protected":false},"excerpt":{"rendered":"<p>[vc_row 0=&#8221;&#8221;][vc_column 0=&#8221;&#8221;][vc_column_text 0=&#8221;&#8221;][\/vc_column_text][\/vc_column][\/vc_row][vc_row full_width=&#8221;stretch_row&#8221; el_class=&#8221;section-padding&#8221; el_id=&#8221;about&#8221;][vc_column 0=&#8221;&#8221;][vc_column_text el_class=&#8221;text-center wow fadeIn&#8221;] Quem Somos [\/vc_column_text][vc_column_text] Seja qual for o segmento da ind\u00fastria da sua empresa, a FLOWERS CONSULTING \u00e9 a PARCEIRA IDEAL para garantir o sucesso do seu plano de expans\u00e3o e no gerenciamento de seus ativos imobili\u00e1rios.\u00a0 \u200b Estamos DESDE 2002\u00a0 na estrada, desbravando cada [&hellip;]<\/p>\n","protected":false},"author":1,"featured_media":0,"parent":0,"menu_order":0,"comment_status":"closed","ping_status":"closed","template":"template-blank.php","meta":{"footnotes":""},"servicos":[],"class_list":["post-7","page","type-page","status-publish","hentry"],"_links":{"self":[{"href":"https:\/\/flowers.com.br\/index.php\/wp-json\/wp\/v2\/pages\/7","targetHints":{"allow":["GET"]}}],"collection":[{"href":"https:\/\/flowers.com.br\/index.php\/wp-json\/wp\/v2\/pages"}],"about":[{"href":"https:\/\/flowers.com.br\/index.php\/wp-json\/wp\/v2\/types\/page"}],"author":[{"embeddable":true,"href":"https:\/\/flowers.com.br\/index.php\/wp-json\/wp\/v2\/users\/1"}],"replies":[{"embeddable":true,"href":"https:\/\/flowers.com.br\/index.php\/wp-json\/wp\/v2\/comments?post=7"}],"version-history":[{"count":60,"href":"https:\/\/flowers.com.br\/index.php\/wp-json\/wp\/v2\/pages\/7\/revisions"}],"predecessor-version":[{"id":1621,"href":"https:\/\/flowers.com.br\/index.php\/wp-json\/wp\/v2\/pages\/7\/revisions\/1621"}],"wp:attachment":[{"href":"https:\/\/flowers.com.br\/index.php\/wp-json\/wp\/v2\/media?parent=7"}],"wp:term":[{"taxonomy":"servicos","embeddable":true,"href":"https:\/\/flowers.com.br\/index.php\/wp-json\/wp\/v2\/servicos?post=7"}],"curies":[{"name":"wp","href":"https:\/\/api.w.org\/{rel}","templated":true}]}}