{"id":280,"date":"2019-09-02T03:14:03","date_gmt":"2019-09-02T06:14:03","guid":{"rendered":"http:\/\/wordpress.flowers.com.br\/?page_id=280"},"modified":"2020-08-04T18:16:03","modified_gmt":"2020-08-04T21:16:03","slug":"qualidade","status":"publish","type":"page","link":"https:\/\/flowers.com.br\/index.php\/qualidade\/","title":{"rendered":"Pol\u00edtica da Qualidade"},"content":{"rendered":"<p>&nbsp;<\/p>\n<p style=\"text-align: justify;\">A <strong>FLOWERS CONSULTING<\/strong>, empresa prestadora de servi\u00e7os de <strong>Consultoria T\u00e9cnica de Engenharia<\/strong> (aquisi\u00e7\u00e3o, licenciamento, projetos, regulariza\u00e7\u00e3o de contratos, regulariza\u00e7\u00e3o imobili\u00e1ria e im\u00f3veis); ratifica que est\u00e1 empenhada em alcan\u00e7ar o mais alto padr\u00e3o de desempenho na satisfa\u00e7\u00e3o dos seus clientes e atendimento \u00e0s expectativas de suas partes interessadas. Considera o contexto da organiza\u00e7\u00e3o e os aspectos culturais, sociais, pol\u00edticos, legais, tecnol\u00f3gicos(inova\u00e7\u00e3o), econ\u00f4micos, riscos, oportunidades e governan\u00e7a corporativa em todas as estrat\u00e9gias e iniciativas de neg\u00f3cios.<\/p>\n<p style=\"text-align: justify;\">A Alta Administra\u00e7\u00e3o apoia plenamente a implementa\u00e7\u00e3o e manuten\u00e7\u00e3o cont\u00ednua do Sistema de Gest\u00e3o da Qualidade-SGQ, que define n\u00e3o apenas o seu papel e responsabilidade, mas tamb\u00e9m, os de todos os membros da for\u00e7a de trabalho e demais lideran\u00e7as.<\/p>\n<p style=\"text-align: justify;\">O Controle de Qualidade por meio do SGQ, busca melhorias por meio da revis\u00e3o regular do SGQ, com fornecedores e subcontratados, sendo incentivados a cooperar. Para alcan\u00e7ar os resultados pretendidos; princ\u00edpios foram estabelecidos e devem ser cumpridos por todos os colaboradores diretos e indiretos, visando a melhoria cont\u00ednua do (SGQ).<\/p>\n<p style=\"text-align: justify;\"><strong>PRINC\u00cdPIOS<\/strong><\/p>\n<p style=\"text-align: justify;\">\u2022 Fornecer produtos e servi\u00e7os de acordo com os requisitos dos clientes, visando atender ou superar suas expectativas, garantindo sua satisfa\u00e7\u00e3o.<\/p>\n<p style=\"text-align: justify;\">\u2022 Desenvolver fornecedores como parceiros do processo produtivo, avaliando-os constantemente em rela\u00e7\u00e3o ao desempenho.<\/p>\n<p style=\"text-align: justify;\">\u2022 Cumprir os requisitos estatut\u00e1rios aplic\u00e1veis e outros requisitos aos quais a empresa se subscreve.<\/p>\n<p style=\"text-align: justify;\">\u2022 Educar, treinar, formar e incentivar a participa\u00e7\u00e3o, consulta e comunica\u00e7\u00e3o dos colaboradores diretos e indiretos e de seus representantes para contribuir para melhoria do SGQ, comunicando riscos e oportunidades; garantindo a execu\u00e7\u00e3o das atividades de maneira respons\u00e1vel e contribuindo para o desempenho eficiente e eficaz do SGQ.<\/p>\n<p>&nbsp;<\/p>\n<p><img loading=\"lazy\" decoding=\"async\" class=\"alignnone size-full wp-image-359\" src=\"https:\/\/flowers.com.br\/wp-content\/uploads\/2020\/08\/LF_sign.png\" alt=\"\" width=\"277\" height=\"137\" \/><\/p>\n<p style=\"text-align: justify;\"><strong>C\u00f3digo: ID-PL-01\/2020 Vers\u00e3o: 01 Data: 08\/07\/2020<\/strong><\/p>\n","protected":false},"excerpt":{"rendered":"<p>&nbsp; A FLOWERS CONSULTING, empresa prestadora de servi\u00e7os de Consultoria T\u00e9cnica de Engenharia (aquisi\u00e7\u00e3o, licenciamento, projetos, regulariza\u00e7\u00e3o de contratos, regulariza\u00e7\u00e3o imobili\u00e1ria e im\u00f3veis); ratifica que est\u00e1 empenhada em alcan\u00e7ar o mais alto padr\u00e3o de desempenho na satisfa\u00e7\u00e3o dos seus clientes e atendimento \u00e0s expectativas de suas partes interessadas. Considera o contexto da organiza\u00e7\u00e3o e os [&hellip;]<\/p>\n","protected":false},"author":1,"featured_media":0,"parent":0,"menu_order":0,"comment_status":"closed","ping_status":"closed","template":"","meta":{"footnotes":""},"servicos":[],"class_list":["post-280","page","type-page","status-publish","hentry"],"_links":{"self":[{"href":"https:\/\/flowers.com.br\/index.php\/wp-json\/wp\/v2\/pages\/280","targetHints":{"allow":["GET"]}}],"collection":[{"href":"https:\/\/flowers.com.br\/index.php\/wp-json\/wp\/v2\/pages"}],"about":[{"href":"https:\/\/flowers.com.br\/index.php\/wp-json\/wp\/v2\/types\/page"}],"author":[{"embeddable":true,"href":"https:\/\/flowers.com.br\/index.php\/wp-json\/wp\/v2\/users\/1"}],"replies":[{"embeddable":true,"href":"https:\/\/flowers.com.br\/index.php\/wp-json\/wp\/v2\/comments?post=280"}],"version-history":[{"count":17,"href":"https:\/\/flowers.com.br\/index.php\/wp-json\/wp\/v2\/pages\/280\/revisions"}],"predecessor-version":[{"id":361,"href":"https:\/\/flowers.com.br\/index.php\/wp-json\/wp\/v2\/pages\/280\/revisions\/361"}],"wp:attachment":[{"href":"https:\/\/flowers.com.br\/index.php\/wp-json\/wp\/v2\/media?parent=280"}],"wp:term":[{"taxonomy":"servicos","embeddable":true,"href":"https:\/\/flowers.com.br\/index.php\/wp-json\/wp\/v2\/servicos?post=280"}],"curies":[{"name":"wp","href":"https:\/\/api.w.org\/{rel}","templated":true}]}}