{"id":274,"date":"2019-09-02T02:54:53","date_gmt":"2019-09-02T05:54:53","guid":{"rendered":"http:\/\/wordpress.flowers.com.br\/?page_id=274"},"modified":"2025-11-21T11:51:33","modified_gmt":"2025-11-21T14:51:33","slug":"site-acquisition","status":"publish","type":"page","link":"https:\/\/flowers.com.br\/index.php\/site-acquisition\/","title":{"rendered":"Site Acquisition"},"content":{"rendered":"\n<p>Prospec\u00e7\u00e3o e busca de novos im\u00f3veis para o processo de expans\u00e3o das empresas, sejam eles t\u00e9cnicos ou comerciais, com apresenta\u00e7\u00e3o de candidatos vi\u00e1veis de acordo com as premissas do cliente.<\/p>\n\n\n\n<p>Apresenta\u00e7\u00e3o da documenta\u00e7\u00e3o regular e negocia\u00e7\u00e3o de valores e contratos at\u00e9 a assinatura do contrato.<\/p>\n\n\n\n<p><\/p>\n","protected":false},"excerpt":{"rendered":"<p>Prospec\u00e7\u00e3o e busca de novos im\u00f3veis para o processo de expans\u00e3o das empresas, sejam eles t\u00e9cnicos ou comerciais, com apresenta\u00e7\u00e3o de candidatos vi\u00e1veis de acordo com as premissas do cliente. Apresenta\u00e7\u00e3o da documenta\u00e7\u00e3o regular e negocia\u00e7\u00e3o de valores e contratos at\u00e9 a assinatura do contrato.<\/p>\n","protected":false},"author":1,"featured_media":1592,"parent":0,"menu_order":0,"comment_status":"closed","ping_status":"closed","template":"","meta":{"footnotes":""},"servicos":[],"class_list":["post-274","page","type-page","status-publish","has-post-thumbnail","hentry"],"_links":{"self":[{"href":"https:\/\/flowers.com.br\/index.php\/wp-json\/wp\/v2\/pages\/274","targetHints":{"allow":["GET"]}}],"collection":[{"href":"https:\/\/flowers.com.br\/index.php\/wp-json\/wp\/v2\/pages"}],"about":[{"href":"https:\/\/flowers.com.br\/index.php\/wp-json\/wp\/v2\/types\/page"}],"author":[{"embeddable":true,"href":"https:\/\/flowers.com.br\/index.php\/wp-json\/wp\/v2\/users\/1"}],"replies":[{"embeddable":true,"href":"https:\/\/flowers.com.br\/index.php\/wp-json\/wp\/v2\/comments?post=274"}],"version-history":[{"count":4,"href":"https:\/\/flowers.com.br\/index.php\/wp-json\/wp\/v2\/pages\/274\/revisions"}],"predecessor-version":[{"id":1591,"href":"https:\/\/flowers.com.br\/index.php\/wp-json\/wp\/v2\/pages\/274\/revisions\/1591"}],"wp:featuredmedia":[{"embeddable":true,"href":"https:\/\/flowers.com.br\/index.php\/wp-json\/wp\/v2\/media\/1592"}],"wp:attachment":[{"href":"https:\/\/flowers.com.br\/index.php\/wp-json\/wp\/v2\/media?parent=274"}],"wp:term":[{"taxonomy":"servicos","embeddable":true,"href":"https:\/\/flowers.com.br\/index.php\/wp-json\/wp\/v2\/servicos?post=274"}],"curies":[{"name":"wp","href":"https:\/\/api.w.org\/{rel}","templated":true}]}}