{"id":270,"date":"2019-09-02T02:44:38","date_gmt":"2019-09-02T05:44:38","guid":{"rendered":"http:\/\/wordpress.flowers.com.br\/?page_id=270"},"modified":"2025-10-01T16:58:24","modified_gmt":"2025-10-01T19:58:24","slug":"etica-compliance","status":"publish","type":"page","link":"https:\/\/flowers.com.br\/index.php\/etica-compliance\/","title":{"rendered":"\u00c9TICA &#038; COMPLIANCE"},"content":{"rendered":"\n<p><p style=\"text-align: justify;\">\u00a0<\/p><br><p style=\"text-align: justify;\">O C\u00f3digo de \u00c9tica e Compliance \u00e9 o reflexo de como a FLOWERS CONSULTING se relaciona e como mant\u00e9m seu compromisso \u00e9tico com a sociedade e com todos os seus colaboradores, clientes, acionistas, fornecedores e demais partes interessadas.<\/p><br><p style=\"text-align: justify;\">Est\u00e1 baseado nos princ\u00edpios corporativos e reafirma as diretrizes da conduta que se deve seguir com todos os p\u00fablicos com os quais a organiza\u00e7\u00e3o se relacionada.<\/p><br><p style=\"text-align: justify;\">\u00c9 importante que todos os colaboradores reflitam sobre a miss\u00e3o, vis\u00e3o e valores, que definem aonde se deseja chegar como organiza\u00e7\u00e3o e, por consequ\u00eancia, as atitudes di\u00e1rias para todos, como grupo, alcan\u00e7ar esse mesmo objetivo.<\/p><br><p style=\"text-align: justify;\">Temos convic\u00e7\u00e3o de que todos devem desempenhar suas fun\u00e7\u00f5es com a mesma atitude e dilig\u00eancia que empregariam na condu\u00e7\u00e3o de seus neg\u00f3cios particulares, e, portanto, colocando em pr\u00e1tica aquilo que entendemos ser correto, justo e honesto. Dessa forma, garantimos um ambiente corporativo saud\u00e1vel para todos n\u00f3s.<\/p><br><p style=\"text-align: justify;\">Nosso C\u00f3digo de \u00c9tica e Compliance foi elaborado para ratificar o compromisso da Flowers com as condutas \u00e9ticas que garantem a qualidade dos produtos e servi\u00e7os.<\/p><br><p style=\"text-align: justify;\">As informa\u00e7\u00f5es nele apresentadas tornam claro o que buscamos de cada profissional e demostra como a empresa se estrutura para atingir os princ\u00edpios essenciais.<\/p><br><p style=\"text-align: justify;\">Com este c\u00f3digo, a organiza\u00e7\u00e3o busca contribuir para a cria\u00e7\u00e3o de parcerias de longo prazo que sejam compat\u00edveis com os interesses e as aspira\u00e7\u00f5es mais leg\u00edtimas da sociedade.<\/p><br><p style=\"text-align: justify;\">O objetivo \u00e9 definir princ\u00edpios b\u00e1sicos que dever\u00e3o nortear as rela\u00e7\u00f5es e atividades na organiza\u00e7\u00e3o, al\u00e9m de refor\u00e7ar a necessidade de cumprir a legisla\u00e7\u00e3o vigente.<\/p><br><p style=\"text-align: justify;\">Para sabe mais e conhecer nosso C\u00f3digo integralmente, em contato pelo e-mail: <a href=\"mailto:qualidade@flowers.com.br\">qualidade@flowers.com.br<\/a>.<\/p><br><p style=\"text-align: justify;\">\u00a0<\/p><br><p style=\"text-align: justify;\"><strong>MISS\u00c3O<\/strong><\/p><br><p style=\"text-align: justify;\">Oferecer as melhores solu\u00e7\u00f5es aos nossos clientes em servi\u00e7os de licenciamento, aquisi\u00e7\u00e3o e gerenciamento de bens im\u00f3veis, e demais servi\u00e7os prestados, proporcionando assim o crescimento harmonioso da empresa de forma cont\u00ednua e sustentada.<\/p><br><p style=\"text-align: justify;\">\u00a0<\/p><br><p style=\"text-align: justify;\"><strong>VIS\u00c3O<\/strong><\/p><br><p style=\"text-align: justify;\"><strong>\u00a0<\/strong><\/p><br><p style=\"text-align: justify;\">Consolidar a imagem de refer\u00eancia de qualidade, com solu\u00e7\u00f5es inovadoras e eficientes que sempre superem as expectativas dos nossos clientes, parceiros e demais p\u00fablicos de interesse.<\/p><br><p style=\"text-align: justify;\">\u00a0<\/p><br><p style=\"text-align: justify;\"><strong>VALORES<\/strong><\/p><br><ul style=\"text-align: justify;\"><br><li>\u00c9tica<\/li><br><li>Transpar\u00eancia<\/li><br><li>Respeito<\/li><br><li>Excel\u00eancia na presta\u00e7\u00e3o de servi\u00e7o<\/li><br><li>Solu\u00e7\u00f5es r\u00e1pidas e eficazes<\/li><br><li>Respeito ao meio ambiente e a comunidade<\/li><br><\/ul><\/p>\n","protected":false},"excerpt":{"rendered":"<p>\u00a0 O C\u00f3digo de \u00c9tica e Compliance \u00e9 o reflexo de como a FLOWERS CONSULTING se relaciona e como mant\u00e9m seu compromisso \u00e9tico com a sociedade e com todos os seus colaboradores, clientes, acionistas, fornecedores e demais partes interessadas. Est\u00e1 baseado nos princ\u00edpios corporativos e reafirma as diretrizes da conduta que se deve seguir com [&hellip;]<\/p>\n","protected":false},"author":1,"featured_media":0,"parent":0,"menu_order":0,"comment_status":"closed","ping_status":"closed","template":"","meta":{"footnotes":""},"servicos":[],"class_list":["post-270","page","type-page","status-publish","hentry"],"_links":{"self":[{"href":"https:\/\/flowers.com.br\/index.php\/wp-json\/wp\/v2\/pages\/270","targetHints":{"allow":["GET"]}}],"collection":[{"href":"https:\/\/flowers.com.br\/index.php\/wp-json\/wp\/v2\/pages"}],"about":[{"href":"https:\/\/flowers.com.br\/index.php\/wp-json\/wp\/v2\/types\/page"}],"author":[{"embeddable":true,"href":"https:\/\/flowers.com.br\/index.php\/wp-json\/wp\/v2\/users\/1"}],"replies":[{"embeddable":true,"href":"https:\/\/flowers.com.br\/index.php\/wp-json\/wp\/v2\/comments?post=270"}],"version-history":[{"count":7,"href":"https:\/\/flowers.com.br\/index.php\/wp-json\/wp\/v2\/pages\/270\/revisions"}],"predecessor-version":[{"id":1544,"href":"https:\/\/flowers.com.br\/index.php\/wp-json\/wp\/v2\/pages\/270\/revisions\/1544"}],"wp:attachment":[{"href":"https:\/\/flowers.com.br\/index.php\/wp-json\/wp\/v2\/media?parent=270"}],"wp:term":[{"taxonomy":"servicos","embeddable":true,"href":"https:\/\/flowers.com.br\/index.php\/wp-json\/wp\/v2\/servicos?post=270"}],"curies":[{"name":"wp","href":"https:\/\/api.w.org\/{rel}","templated":true}]}}