{"id":1610,"date":"2025-11-21T11:59:55","date_gmt":"2025-11-21T14:59:55","guid":{"rendered":"https:\/\/flowers.com.br\/?page_id=1610"},"modified":"2025-11-21T11:59:55","modified_gmt":"2025-11-21T14:59:55","slug":"gestao-imobiliaria","status":"publish","type":"page","link":"https:\/\/flowers.com.br\/index.php\/gestao-imobiliaria\/","title":{"rendered":"Gest\u00e3o Imobili\u00e1ria"},"content":{"rendered":"\n<p>\u2022 Administra\u00e7\u00e3o, renegocia\u00e7\u00e3o e regulariza\u00e7\u00e3o de contratos de loca\u00e7\u00e3o.<br>\u2022 Mapeamento das obriga\u00e7\u00f5es contratuais e controle informatizado<br>\u2022 Mapeamento e controle das obriga\u00e7\u00f5es fiscais e contratuais (pagamento de alugu\u00e9is, condom\u00ednios, IPTUs, Taxas\u2026)<\/p>\n","protected":false},"excerpt":{"rendered":"<p>\u2022 Administra\u00e7\u00e3o, renegocia\u00e7\u00e3o e regulariza\u00e7\u00e3o de contratos de loca\u00e7\u00e3o.\u2022 Mapeamento das obriga\u00e7\u00f5es contratuais e controle informatizado\u2022 Mapeamento e controle das obriga\u00e7\u00f5es fiscais e contratuais (pagamento de alugu\u00e9is, condom\u00ednios, IPTUs, Taxas\u2026)<\/p>\n","protected":false},"author":1,"featured_media":1611,"parent":0,"menu_order":0,"comment_status":"closed","ping_status":"closed","template":"","meta":{"footnotes":""},"servicos":[],"class_list":["post-1610","page","type-page","status-publish","has-post-thumbnail","hentry"],"_links":{"self":[{"href":"https:\/\/flowers.com.br\/index.php\/wp-json\/wp\/v2\/pages\/1610","targetHints":{"allow":["GET"]}}],"collection":[{"href":"https:\/\/flowers.com.br\/index.php\/wp-json\/wp\/v2\/pages"}],"about":[{"href":"https:\/\/flowers.com.br\/index.php\/wp-json\/wp\/v2\/types\/page"}],"author":[{"embeddable":true,"href":"https:\/\/flowers.com.br\/index.php\/wp-json\/wp\/v2\/users\/1"}],"replies":[{"embeddable":true,"href":"https:\/\/flowers.com.br\/index.php\/wp-json\/wp\/v2\/comments?post=1610"}],"version-history":[{"count":1,"href":"https:\/\/flowers.com.br\/index.php\/wp-json\/wp\/v2\/pages\/1610\/revisions"}],"predecessor-version":[{"id":1612,"href":"https:\/\/flowers.com.br\/index.php\/wp-json\/wp\/v2\/pages\/1610\/revisions\/1612"}],"wp:featuredmedia":[{"embeddable":true,"href":"https:\/\/flowers.com.br\/index.php\/wp-json\/wp\/v2\/media\/1611"}],"wp:attachment":[{"href":"https:\/\/flowers.com.br\/index.php\/wp-json\/wp\/v2\/media?parent=1610"}],"wp:term":[{"taxonomy":"servicos","embeddable":true,"href":"https:\/\/flowers.com.br\/index.php\/wp-json\/wp\/v2\/servicos?post=1610"}],"curies":[{"name":"wp","href":"https:\/\/api.w.org\/{rel}","templated":true}]}}