{"id":1607,"date":"2025-11-21T11:58:58","date_gmt":"2025-11-21T14:58:58","guid":{"rendered":"https:\/\/flowers.com.br\/?page_id=1607"},"modified":"2025-11-21T12:32:29","modified_gmt":"2025-11-21T15:32:29","slug":"regularizacao-imobiliaria-e-fundiaria","status":"publish","type":"page","link":"https:\/\/flowers.com.br\/index.php\/regularizacao-imobiliaria-e-fundiaria\/","title":{"rendered":"Regulariza\u00e7\u00e3o Imobili\u00e1ria e Fundi\u00e1ria"},"content":{"rendered":"\n<p>\u2022 Levantamento topogr\u00e1fico<br>\u2022 Desdobro, unifica\u00e7\u00e3o e retifica\u00e7\u00e3o de matr\u00edcula<br>\u2022 Registro de incorpora\u00e7\u00f5es<br>\u2022 Consultoria estrat\u00e9gica para regulariza\u00e7\u00e3o imobili\u00e1ria<\/p>\n","protected":false},"excerpt":{"rendered":"<p>\u2022 Levantamento topogr\u00e1fico\u2022 Desdobro, unifica\u00e7\u00e3o e retifica\u00e7\u00e3o de matr\u00edcula\u2022 Registro de incorpora\u00e7\u00f5es\u2022 Consultoria estrat\u00e9gica para regulariza\u00e7\u00e3o imobili\u00e1ria<\/p>\n","protected":false},"author":1,"featured_media":1622,"parent":0,"menu_order":0,"comment_status":"closed","ping_status":"closed","template":"","meta":{"footnotes":""},"servicos":[],"class_list":["post-1607","page","type-page","status-publish","has-post-thumbnail","hentry"],"_links":{"self":[{"href":"https:\/\/flowers.com.br\/index.php\/wp-json\/wp\/v2\/pages\/1607","targetHints":{"allow":["GET"]}}],"collection":[{"href":"https:\/\/flowers.com.br\/index.php\/wp-json\/wp\/v2\/pages"}],"about":[{"href":"https:\/\/flowers.com.br\/index.php\/wp-json\/wp\/v2\/types\/page"}],"author":[{"embeddable":true,"href":"https:\/\/flowers.com.br\/index.php\/wp-json\/wp\/v2\/users\/1"}],"replies":[{"embeddable":true,"href":"https:\/\/flowers.com.br\/index.php\/wp-json\/wp\/v2\/comments?post=1607"}],"version-history":[{"count":1,"href":"https:\/\/flowers.com.br\/index.php\/wp-json\/wp\/v2\/pages\/1607\/revisions"}],"predecessor-version":[{"id":1609,"href":"https:\/\/flowers.com.br\/index.php\/wp-json\/wp\/v2\/pages\/1607\/revisions\/1609"}],"wp:featuredmedia":[{"embeddable":true,"href":"https:\/\/flowers.com.br\/index.php\/wp-json\/wp\/v2\/media\/1622"}],"wp:attachment":[{"href":"https:\/\/flowers.com.br\/index.php\/wp-json\/wp\/v2\/media?parent=1607"}],"wp:term":[{"taxonomy":"servicos","embeddable":true,"href":"https:\/\/flowers.com.br\/index.php\/wp-json\/wp\/v2\/servicos?post=1607"}],"curies":[{"name":"wp","href":"https:\/\/api.w.org\/{rel}","templated":true}]}}