{"id":1604,"date":"2025-11-21T11:56:32","date_gmt":"2025-11-21T14:56:32","guid":{"rendered":"https:\/\/flowers.com.br\/?page_id=1604"},"modified":"2025-11-21T12:36:11","modified_gmt":"2025-11-21T15:36:11","slug":"licenciamento","status":"publish","type":"page","link":"https:\/\/flowers.com.br\/index.php\/licenciamento\/","title":{"rendered":"Licenciamento"},"content":{"rendered":"\n<p>\u2022 Obten\u00e7\u00e3o da aprova\u00e7\u00e3o de projetos e primeiras licen\u00e7as<br>\u2022 Consultoria para a melhor estrat\u00e9gia para regulariza\u00e7\u00e3o<br>\u2022 Em todos os \u00f3rg\u00e3os e esferas<br>\u2022 Prefeitura<br>\u2022 Junta Comercial<br>\u2022 Estado<br>\u2022 Bombeiros<br>\u2022 ANVISA<br>\u2022 MMA<br>\u2022 Patrim\u00f4nio Hist\u00f3rico<br>Pol\u00edcia Civil, Federal\u2026<\/p>\n","protected":false},"excerpt":{"rendered":"<p>\u2022 Obten\u00e7\u00e3o da aprova\u00e7\u00e3o de projetos e primeiras licen\u00e7as\u2022 Consultoria para a melhor estrat\u00e9gia para regulariza\u00e7\u00e3o\u2022 Em todos os \u00f3rg\u00e3os e esferas\u2022 Prefeitura\u2022 Junta Comercial\u2022 Estado\u2022 Bombeiros\u2022 ANVISA\u2022 MMA\u2022 Patrim\u00f4nio Hist\u00f3ricoPol\u00edcia Civil, Federal\u2026<\/p>\n","protected":false},"author":1,"featured_media":1605,"parent":0,"menu_order":0,"comment_status":"closed","ping_status":"closed","template":"","meta":{"footnotes":""},"servicos":[],"class_list":["post-1604","page","type-page","status-publish","has-post-thumbnail","hentry"],"_links":{"self":[{"href":"https:\/\/flowers.com.br\/index.php\/wp-json\/wp\/v2\/pages\/1604","targetHints":{"allow":["GET"]}}],"collection":[{"href":"https:\/\/flowers.com.br\/index.php\/wp-json\/wp\/v2\/pages"}],"about":[{"href":"https:\/\/flowers.com.br\/index.php\/wp-json\/wp\/v2\/types\/page"}],"author":[{"embeddable":true,"href":"https:\/\/flowers.com.br\/index.php\/wp-json\/wp\/v2\/users\/1"}],"replies":[{"embeddable":true,"href":"https:\/\/flowers.com.br\/index.php\/wp-json\/wp\/v2\/comments?post=1604"}],"version-history":[{"count":2,"href":"https:\/\/flowers.com.br\/index.php\/wp-json\/wp\/v2\/pages\/1604\/revisions"}],"predecessor-version":[{"id":1624,"href":"https:\/\/flowers.com.br\/index.php\/wp-json\/wp\/v2\/pages\/1604\/revisions\/1624"}],"wp:featuredmedia":[{"embeddable":true,"href":"https:\/\/flowers.com.br\/index.php\/wp-json\/wp\/v2\/media\/1605"}],"wp:attachment":[{"href":"https:\/\/flowers.com.br\/index.php\/wp-json\/wp\/v2\/media?parent=1604"}],"wp:term":[{"taxonomy":"servicos","embeddable":true,"href":"https:\/\/flowers.com.br\/index.php\/wp-json\/wp\/v2\/servicos?post=1604"}],"curies":[{"name":"wp","href":"https:\/\/api.w.org\/{rel}","templated":true}]}}