{"id":1601,"date":"2025-11-21T11:55:16","date_gmt":"2025-11-21T14:55:16","guid":{"rendered":"https:\/\/flowers.com.br\/?page_id=1601"},"modified":"2025-11-21T12:09:09","modified_gmt":"2025-11-21T15:09:09","slug":"estudos-e-projetos-ambientais","status":"publish","type":"page","link":"https:\/\/flowers.com.br\/index.php\/estudos-e-projetos-ambientais\/","title":{"rendered":"Estudos e Projetos Ambientais"},"content":{"rendered":"\n<p>Elabora\u00e7\u00e3o de estudos e projetos ambientais exigidos pela legisla\u00e7\u00e3o vigente, de acordo com as caracter\u00edsticas do im\u00f3vel e da localidade. Consultoria para atendimento de condicionantes ambientais al\u00e9m de Suporte t\u00e9cnico para obten\u00e7\u00e3o de licen\u00e7as ambientais (LAS, LAP, LAI, LAO, etc.)<\/p>\n","protected":false},"excerpt":{"rendered":"<p>Elabora\u00e7\u00e3o de estudos e projetos ambientais exigidos pela legisla\u00e7\u00e3o vigente, de acordo com as caracter\u00edsticas do im\u00f3vel e da localidade. Consultoria para atendimento de condicionantes ambientais al\u00e9m de Suporte t\u00e9cnico para obten\u00e7\u00e3o de licen\u00e7as ambientais (LAS, LAP, LAI, LAO, etc.)<\/p>\n","protected":false},"author":1,"featured_media":1602,"parent":0,"menu_order":0,"comment_status":"closed","ping_status":"closed","template":"","meta":{"footnotes":""},"servicos":[],"class_list":["post-1601","page","type-page","status-publish","has-post-thumbnail","hentry"],"_links":{"self":[{"href":"https:\/\/flowers.com.br\/index.php\/wp-json\/wp\/v2\/pages\/1601","targetHints":{"allow":["GET"]}}],"collection":[{"href":"https:\/\/flowers.com.br\/index.php\/wp-json\/wp\/v2\/pages"}],"about":[{"href":"https:\/\/flowers.com.br\/index.php\/wp-json\/wp\/v2\/types\/page"}],"author":[{"embeddable":true,"href":"https:\/\/flowers.com.br\/index.php\/wp-json\/wp\/v2\/users\/1"}],"replies":[{"embeddable":true,"href":"https:\/\/flowers.com.br\/index.php\/wp-json\/wp\/v2\/comments?post=1601"}],"version-history":[{"count":1,"href":"https:\/\/flowers.com.br\/index.php\/wp-json\/wp\/v2\/pages\/1601\/revisions"}],"predecessor-version":[{"id":1603,"href":"https:\/\/flowers.com.br\/index.php\/wp-json\/wp\/v2\/pages\/1601\/revisions\/1603"}],"wp:featuredmedia":[{"embeddable":true,"href":"https:\/\/flowers.com.br\/index.php\/wp-json\/wp\/v2\/media\/1602"}],"wp:attachment":[{"href":"https:\/\/flowers.com.br\/index.php\/wp-json\/wp\/v2\/media?parent=1601"}],"wp:term":[{"taxonomy":"servicos","embeddable":true,"href":"https:\/\/flowers.com.br\/index.php\/wp-json\/wp\/v2\/servicos?post=1601"}],"curies":[{"name":"wp","href":"https:\/\/api.w.org\/{rel}","templated":true}]}}