{"id":1594,"date":"2025-11-21T11:50:58","date_gmt":"2025-11-21T14:50:58","guid":{"rendered":"https:\/\/flowers.com.br\/?page_id=1594"},"modified":"2025-11-21T11:50:58","modified_gmt":"2025-11-21T14:50:58","slug":"evtl","status":"publish","type":"page","link":"https:\/\/flowers.com.br\/index.php\/evtl\/","title":{"rendered":"EVTL"},"content":{"rendered":"\n<p>Os Estudos de Viabilidade T\u00e9cnica e Legal (EVTL) s\u00e3o instrumentos estrat\u00e9gicos que subsidiam a tomada de decis\u00e3o quanto \u00e0 aquisi\u00e7\u00e3o, loca\u00e7\u00e3o ou reforma de um im\u00f3vel.\u00a0<br>Apresentam o diagn\u00f3stico completo do local, contemplando normas urban\u00edsticas e legais, an\u00e1lise do projeto pretendido, identifica\u00e7\u00e3o de restri\u00e7\u00f5es e riscos imobili\u00e1rios, al\u00e9m de recomenda\u00e7\u00f5es t\u00e9cnicas e estrat\u00e9gicas para implanta\u00e7\u00e3o.<\/p>\n","protected":false},"excerpt":{"rendered":"<p>Os Estudos de Viabilidade T\u00e9cnica e Legal (EVTL) s\u00e3o instrumentos estrat\u00e9gicos que subsidiam a tomada de decis\u00e3o quanto \u00e0 aquisi\u00e7\u00e3o, loca\u00e7\u00e3o ou reforma de um im\u00f3vel.\u00a0Apresentam o diagn\u00f3stico completo do local, contemplando normas urban\u00edsticas e legais, an\u00e1lise do projeto pretendido, identifica\u00e7\u00e3o de restri\u00e7\u00f5es e riscos imobili\u00e1rios, al\u00e9m de recomenda\u00e7\u00f5es t\u00e9cnicas e estrat\u00e9gicas para implanta\u00e7\u00e3o.<\/p>\n","protected":false},"author":1,"featured_media":1595,"parent":0,"menu_order":0,"comment_status":"closed","ping_status":"closed","template":"","meta":{"footnotes":""},"servicos":[],"class_list":["post-1594","page","type-page","status-publish","has-post-thumbnail","hentry"],"_links":{"self":[{"href":"https:\/\/flowers.com.br\/index.php\/wp-json\/wp\/v2\/pages\/1594","targetHints":{"allow":["GET"]}}],"collection":[{"href":"https:\/\/flowers.com.br\/index.php\/wp-json\/wp\/v2\/pages"}],"about":[{"href":"https:\/\/flowers.com.br\/index.php\/wp-json\/wp\/v2\/types\/page"}],"author":[{"embeddable":true,"href":"https:\/\/flowers.com.br\/index.php\/wp-json\/wp\/v2\/users\/1"}],"replies":[{"embeddable":true,"href":"https:\/\/flowers.com.br\/index.php\/wp-json\/wp\/v2\/comments?post=1594"}],"version-history":[{"count":1,"href":"https:\/\/flowers.com.br\/index.php\/wp-json\/wp\/v2\/pages\/1594\/revisions"}],"predecessor-version":[{"id":1596,"href":"https:\/\/flowers.com.br\/index.php\/wp-json\/wp\/v2\/pages\/1594\/revisions\/1596"}],"wp:featuredmedia":[{"embeddable":true,"href":"https:\/\/flowers.com.br\/index.php\/wp-json\/wp\/v2\/media\/1595"}],"wp:attachment":[{"href":"https:\/\/flowers.com.br\/index.php\/wp-json\/wp\/v2\/media?parent=1594"}],"wp:term":[{"taxonomy":"servicos","embeddable":true,"href":"https:\/\/flowers.com.br\/index.php\/wp-json\/wp\/v2\/servicos?post=1594"}],"curies":[{"name":"wp","href":"https:\/\/api.w.org\/{rel}","templated":true}]}}